{"id":2365,"date":"2021-12-02T14:29:32","date_gmt":"2021-12-02T14:29:32","guid":{"rendered":"http:\/\/www.apartments-crncic.com\/posizione\/"},"modified":"2021-12-02T14:29:33","modified_gmt":"2021-12-02T14:29:33","slug":"posizione","status":"publish","type":"page","link":"https:\/\/www.apartments-crncic.com\/it\/posizione\/","title":{"rendered":"Posizione"},"content":{"rendered":"<div class=\"fusion-fullwidth fullwidth-box fusion-builder-row-1 fusion-flex-container fusion-parallax-none nonhundred-percent-fullwidth non-hundred-percent-height-scrolling lazyload\" style=\"background-color: rgba(255,255,255,0);background-position: center center;background-repeat: no-repeat;border-width: 0px 0px 0px 0px;border-color:#e2e2e2;border-style:solid;-webkit-background-size:cover;-moz-background-size:cover;-o-background-size:cover;background-size:cover;\" data-bg=\"http:\/\/www.apartments-crncic.com\/wp-content\/uploads\/2021\/11\/240-2402195_arent-you-a-software-type-website-background-pattern.png\" ><div class=\"fusion-builder-row fusion-row fusion-flex-align-items-flex-start fusion-flex-justify-content-center\" style=\"max-width:1248px;margin-left: calc(-4% \/ 2 );margin-right: calc(-4% \/ 2 );\"><div class=\"fusion-layout-column fusion_builder_column fusion-builder-column-0 fusion_builder_column_1_1 1_1 fusion-flex-column fusion-animated\" data-animationType=\"fadeInLeft\" data-animationDuration=\"1.0\" data-animationOffset=\"top-into-view\"><div class=\"fusion-column-wrapper fusion-flex-justify-content-flex-start fusion-content-layout-column\" style=\"background-position:left top;background-repeat:no-repeat;-webkit-background-size:cover;-moz-background-size:cover;-o-background-size:cover;background-size:cover;padding: 0px 25px 0px 0px;\"><div class=\"fusion-text fusion-text-1\" style=\"text-align:left;font-size:14px;letter-spacing:2px;\"><p style=\"text-align: center\"><strong>\u0160ILO &amp; \u017dUPANJE<br \/>\n<\/strong><\/p>\n<\/div><style type=\"text\/css\">@media only screen and (max-width:1024px) {.fusion-title.fusion-title-1{margin-top:0px!important; margin-right:!important;margin-bottom:30px!important;margin-left:!important;}}@media only screen and (max-width:640px) {.fusion-title.fusion-title-1{margin-top:10px!important; margin-right:!important;margin-bottom:10px!important; margin-left:!important;}}<\/style><div class=\"fusion-title title fusion-title-1 fusion-sep-none fusion-title-center fusion-title-text fusion-title-size-two\" style=\"font-size:60px;margin-top:0px;margin-bottom:30px;\"><h2 class=\"title-heading-center\" style=\"margin:0;font-size:1em;line-height:3rem;\">Posizione<\/h2><\/div><div class=\"fusion-separator fusion-full-width-sep\" style=\"align-self: center;margin-left: auto;margin-right: auto;width:100%;max-width:100%;\"><div class=\"fusion-separator-border sep-double sep-solid\" style=\"border-color:#e2e2e2;border-top-width:1px;border-bottom-width:1px;\"><\/div><\/div><\/div><style type=\"text\/css\">.fusion-body .fusion-builder-column-0{width:100% !important;margin-top : 0px;margin-bottom : 20px;}.fusion-builder-column-0 > .fusion-column-wrapper {padding-top : 0px !important;padding-right : 25px !important;margin-right : 1.92%;padding-bottom : 0px !important;padding-left : 0px !important;margin-left : 1.92%;}@media only screen and (max-width:1024px) {.fusion-body .fusion-builder-column-0{width:100% !important;order : 0;}.fusion-builder-column-0 > .fusion-column-wrapper {margin-right : 1.92%;margin-left : 1.92%;}}@media only screen and (max-width:640px) {.fusion-body .fusion-builder-column-0{width:100% !important;order : 0;}.fusion-builder-column-0 > .fusion-column-wrapper {margin-right : 1.92%;margin-left : 1.92%;}}<\/style><\/div><div class=\"fusion-layout-column fusion_builder_column fusion-builder-column-1 fusion_builder_column_1_2 1_2 fusion-flex-column\"><div class=\"fusion-column-wrapper fusion-flex-justify-content-flex-start fusion-content-layout-column\" style=\"background-position:left top;background-repeat:no-repeat;-webkit-background-size:cover;-moz-background-size:cover;-o-background-size:cover;background-size:cover;padding: 0px 0px 0px 0px;\"><style type=\"text\/css\">@media only screen and (max-width:1024px) {.fusion-title.fusion-title-2{margin-top:10px!important; margin-right:!important;margin-bottom:15px!important;margin-left:!important;}}@media only screen and (max-width:640px) {.fusion-title.fusion-title-2{margin-top:10px!important; margin-right:!important;margin-bottom:10px!important; margin-left:!important;}}<\/style><div class=\"fusion-title title fusion-title-2 fusion-sep-none fusion-title-center fusion-title-text fusion-title-size-three\" style=\"margin-top:10px;margin-bottom:15px;\"><h3 class=\"title-heading-center\" style=\"margin:0;\"><p style=\"text-align: center\">Appartamenti Crn\u010di\u0107<\/p><\/h3><\/div><div class=\"fusion-text fusion-text-2\"><p style=\"text-align: center\">Stara cesta 10, 51515 \u0160ilo<\/p>\n<\/div> <div class=\"hmapsprem_container\"> <div id=\"hmapsprem_map_5f28577c63c04f529ff6303260e04cb0\" class=\"hmapsprem_map_container\"><\/div> <script type=\"text\/javascript\" data-cfasync=\"false\"> var hmapsprem_default_object_5f28577c63c04f529ff6303260e04cb0 = {\"map_setup\":{\"api_key\":\"AIzaSyD0aLoZsQSkYL4cOoMKq9IUY3O8yrVmMEg\",\"responsive\":\"true\",\"map_width\":100,\"map_height\":400,\"font_family\":\"inherit\"},\"map_settings\":{\"map_type\":\"ROADMAP\",\"map_theme\":\"Light Gray & Light Blue\",\"auto_fit\":true,\"map_center\":\"0,0\",\"rest_zoom\":16,\"mouse_wheel_zoom\":false,\"mobile_pan_lock\":false,\"mobile_pan_lock_width\":600,\"get_directions\":true,\"frontend_search\":false,\"show_category_selector\":false,\"category_selector_tabs\":\"false\",\"show_category_selector_copy\":\"Show All\",\"default_category_component_position\":\"TOP_LEFT\",\"default_display_category\":\"show_all\",\"category_selector_font_size\":14,\"category_selector_font_weight\":\"normal\",\"category_selector_font_colour\":\"#000000\",\"category_selector_fill_colour\":\"#FFFFFF\",\"category_selector_border_colour\":\"#CCCCCC\",\"category_selector_border_weight\":1,\"category_selector_border_radius\":3,\"category_selector_vert_padding\":7,\"category_selector_hor_padding\":14,\"default_category_tab_position\":\"TOP\",\"category_tab_font_size\":12,\"category_tab_bg_colour\":\"#DDDDDD\",\"category_tab_font_weight\":\"normal\",\"category_tab_font_colour\":\"#000000\",\"category_tab_font_active_colour\":\"#FFFFFF\",\"category_tab_fill_colour\":\"#DDDDDD\",\"category_tab_active_fill_colour\":\"#777777\",\"category_tab_border_bottom_only\":false,\"category_tab_border_colour\":\"#000000\",\"category_tab_border_active_colour\":\"#000000\",\"category_tab_border_weight\":1,\"category_tab_border_radius\":3,\"category_tab_vert_padding\":7,\"category_tab_hor_padding\":14,\"category_tab_vert_margin\":10,\"category_tab_hor_margin\":10,\"category_tab_default_categories\":[]},\"map_controls\":{\"street_view\":true,\"street_view_position\":\"DEFAULT\",\"map_type\":true,\"map_type_position\":\"DEFAULT\",\"map_type_style\":\"DEFAULT\",\"rotate\":false,\"rotate_position\":\"DEFAULT\",\"full_screen\":false,\"full_screen_position\":\"DEFAULT\",\"zoom\":true,\"zoom_position\":\"DEFAULT\",\"scale\":true,\"show_location\":false},\"map_advanced\":{\"marker_drop_delay\":0,\"marker_animation\":\"DEFAULT\",\"marker_animation_timer\":0,\"tooltips\":true,\"marker_clustering\":false,\"shape_drop_delay\":0,\"map_load_zoom\":14,\"marker_click_zoom\":14},\"map_developers\":{\"javascript_callback\":false,\"callback_method\":\"\",\"map_initialised_method\":\"\",\"map_css_class\":\"\",\"category_selector_css_class\":\"\"},\"map_drawing\":{\"polylineOptions\":{\"strokeColor\":\"#DC4551\",\"strokeOpacity\":1,\"strokeWeight\":2,\"geodesic\":false},\"circleOptions\":{\"fillColor\":\"#000000\",\"fillOpacity\":0.3,\"strokeColor\":\"#DC4551\",\"strokeOpacity\":1,\"strokeWeight\":2},\"polygonOptions\":{\"fillColor\":\"#000000\",\"fillOpacity\":0.3,\"strokeColor\":\"#DC4551\",\"strokeOpacity\":1,\"strokeWeight\":2},\"rectangleOptions\":{\"fillColor\":\"#000000\",\"fillOpacity\":0.3,\"strokeColor\":\"#DC4551\",\"strokeOpacity\":1,\"strokeWeight\":2}},\"map_poly\":{},\"map_marker_categories\":[\"uncategorised\"],\"map_markers\":{\"hmapsprem_grs5bb44696d283b07ba52a8ec90ec82ff1\":{\"marker_id\":63,\"marker_category\":\"uncategorised\",\"latlng\":\"45.14704559365472,14.661917395117076\",\"title\":\"Apartments Crn\\u010di\\u0107\",\"info_window_show\":false,\"info_window_content\":\"\",\"new\":true,\"link_show\":false,\"link_title\":\"\",\"link\":\"\",\"link_colour\":\"#F28149\",\"link_target\":\"_blank\",\"custom_param\":\"\",\"deleted\":false}},\"marker_data\":{\"categories\":{\"1\":{\"category_id\":1,\"category\":\"Default\",\"imported\":\"0\",\"deleted\":\"0\",\"links\":{\"3\":{\"primary_colour\":\"#F28149\",\"secondary_colour\":\"#EF6421\",\"link\":3,\"markers\":[{\"marker_id\":63,\"img_binary\":\"iVBORw0KGgoAAAANSUhEUgAAAC0AAAA4CAYAAABpAXGyAAAABHNCSVQICAgIfAhkiAAAAAlwSFlzAAALEgAACxIB0t1+\\\/AAAABZ0RVh0Q3JlYXRpb24gVGltZQAwOS8xNy8xM6vg00EAAAAcdEVYdFNvZnR3YXJlAEFkb2JlIEZpcmV3b3JrcyBDUzbovLKMAAAD5ElEQVRoge2Zz28bRRTHP2+8jZO44ARBzI9DSw60EopQT1UqboAqTkEFcUcgOMABuFRCqtT+B7mWRIgeeipCHJFyIQfUK\\\/RS4OA24kebIFo7NAGn9Q6HHe+u1zNer+Mfi+SvtJK9783Mx2\\\/fvHmbyO6l1zX\\\/M6lxA\\\/SjCfSoNIEelSbQo9IEelSaQI9KXprD7LurFJ57AQB\\\/u8re5Y+GDpWmrpH2790JgQFUZXHoQL3ICe3fu4Peq4+SpWdZofMMDBbovANDYiP69++i93fHAjJ1+g28k8sANG\\\/foLF51ekbQvu1HfT+3yAS3ND2F5qj56+ha9s071Y52LyKX9tus8t0Ce\\\/EGQrHl1BzFQrHlkKbX98Jxza3bvDop+uB4dFDimffD\\\/0Kx5bSof36n+h\\\/HoAowI+sFnAplpDKIqqyiHdymca3n\\\/Pwxw1kukTx7AcceelV52KqvADlheCHnF7Br+\\\/Q2FinsfGFc4wVWu\\\/+Bf\\\/uISIEiArQ5vK7jUWKJaZXPkE3HjC98ilSLGVaXJUXmHnrMwrPnsgI3dgPIyyY4Eo4bU+TzLx9IdOiSU2deTOTvxfmsImwoNEpER63YtCRBJVrcC9IjUT+ahBRaDo34sH1rzn4\\\/quBQhw59RrFV97p2b8jPeLwnc8gZhjjn3gs6WGJfExTy+eYWj43bK6usqcHEMHnT15nfTbwbaUvX\\\/JAEInHtHt65EFe28HSZrKnR\\\/3DF0GbWq514ur\\\/h86tVbNAC86DxZbSZuMGtTz5RJQ5Uoe7FxQixC8RFX1XQvOPX0Ln5u8\\\/RzYESfrHr4xq\\\/noz+vzbzS6eIPXzL2swjzb2qHXrszMNtN0\\\/aetDUiqjnnjGaffCXZhoS6Mct21MkwYS3W\\\/3797eHgY4go7DxNrSlsUK0zHGt\\\/zQ2JMaELCB7gbjmz7EAWPxt7e36eC9AhtoUz0SjztaMBnFmE37iQPI1d6aeRwlMQtwDDq5cGJyrUA0gu+o5Z0w9va2syRmBQbwxKSHHcYAhWFWjpeEtPbWEmGt+wKGWHq431g60yA6WNzpFPkG99vgdSvCT2cGjkGbBbRCd+S1G8ZdVVz+Judnj6LmK30BG2hbfU5rV2O1Oazxvfkz+xiq\\\/FTfwAY66j3sB0Wr1pIoY65abmtvTYRnZpHHnzwUcItvKLr\\\/3vPD6JrqwKrSpm8Y9DUE2EvA8bm16sXU\\\/wSMWXVgFVidW6vWWjfzDH0F+Hh+\\\/VYNQK9FhjxCXwEuzq\\\/fuu1yyBN0KmxLeYDeJEiDH3odME7oTYLIfpd14Dig+4ZtaZTQWwRp8M1hJxoF9BZBZL8c1ITDhB44bEv\\\/AV8w9CmxhdnJAAAAAElFTkSuQmCC\",\"width\":45,\"height\":56,\"left_offset\":22,\"top_offset\":56,\"deleted\":0}]}}}}}}; jQuery(function(){ hmapsprem_initialise_frontend(\"5f28577c63c04f529ff6303260e04cb0\"); }); <\/script> <\/div> <\/div><style type=\"text\/css\">.fusion-body .fusion-builder-column-1{width:50% !important;margin-top : 0px;margin-bottom : 20px;}.fusion-builder-column-1 > .fusion-column-wrapper {padding-top : 0px !important;padding-right : 0px !important;margin-right : 3.84%;padding-bottom : 0px !important;padding-left : 0px !important;margin-left : 3.84%;}@media only screen and (max-width:1024px) {.fusion-body .fusion-builder-column-1{width:50% !important;order : 0;}.fusion-builder-column-1 > .fusion-column-wrapper {margin-right : 3.84%;margin-left : 3.84%;}}@media only screen and (max-width:640px) {.fusion-body .fusion-builder-column-1{width:100% !important;order : 0;}.fusion-builder-column-1 > .fusion-column-wrapper {margin-right : 1.92%;margin-left : 1.92%;}}<\/style><\/div><div class=\"fusion-layout-column fusion_builder_column fusion-builder-column-2 fusion_builder_column_1_2 1_2 fusion-flex-column\"><div class=\"fusion-column-wrapper fusion-flex-justify-content-flex-start fusion-content-layout-column\" style=\"background-position:left top;background-repeat:no-repeat;-webkit-background-size:cover;-moz-background-size:cover;-o-background-size:cover;background-size:cover;padding: 0px 0px 0px 0px;\"><style type=\"text\/css\">@media only screen and (max-width:1024px) {.fusion-title.fusion-title-3{margin-top:10px!important; margin-right:!important;margin-bottom:15px!important;margin-left:!important;}}@media only screen and (max-width:640px) {.fusion-title.fusion-title-3{margin-top:10px!important; margin-right:!important;margin-bottom:10px!important; margin-left:!important;}}<\/style><div class=\"fusion-title title fusion-title-3 fusion-sep-none fusion-title-center fusion-title-text fusion-title-size-three\" style=\"margin-top:10px;margin-bottom:15px;\"><h3 class=\"title-heading-center\" style=\"margin:0;\"><p style=\"text-align: center\">Casa vacanze Dunati\u0107<\/p><\/h3><\/div><div class=\"fusion-text fusion-text-3\"><p style=\"text-align: center\">\u017dupanje 30, 51514 Dobrinj<\/p>\n<\/div> <div class=\"hmapsprem_container\"> <div id=\"hmapsprem_map_167a639698aa49fda4cbf850da91f452\" class=\"hmapsprem_map_container\"><\/div> <script type=\"text\/javascript\" data-cfasync=\"false\"> var hmapsprem_default_object_167a639698aa49fda4cbf850da91f452 = {\"map_setup\":{\"api_key\":\"AIzaSyD0aLoZsQSkYL4cOoMKq9IUY3O8yrVmMEg\",\"responsive\":\"true\",\"map_width\":100,\"map_height\":400,\"font_family\":\"inherit\"},\"map_settings\":{\"map_type\":\"ROADMAP\",\"map_theme\":\"Light Gray & Light Blue\",\"auto_fit\":false,\"map_center\":\"45.16279778409528,14.62910837572383\",\"rest_zoom\":12,\"mouse_wheel_zoom\":false,\"mobile_pan_lock\":false,\"mobile_pan_lock_width\":600,\"get_directions\":true,\"frontend_search\":false,\"show_category_selector\":false,\"category_selector_tabs\":\"false\",\"show_category_selector_copy\":\"Show All\",\"default_category_component_position\":\"TOP_LEFT\",\"default_display_category\":\"show_all\",\"category_selector_font_size\":14,\"category_selector_font_weight\":\"normal\",\"category_selector_font_colour\":\"#000000\",\"category_selector_fill_colour\":\"#FFFFFF\",\"category_selector_border_colour\":\"#CCCCCC\",\"category_selector_border_weight\":1,\"category_selector_border_radius\":3,\"category_selector_vert_padding\":7,\"category_selector_hor_padding\":14,\"default_category_tab_position\":\"TOP\",\"category_tab_font_size\":12,\"category_tab_bg_colour\":\"#DDDDDD\",\"category_tab_font_weight\":\"normal\",\"category_tab_font_colour\":\"#000000\",\"category_tab_font_active_colour\":\"#FFFFFF\",\"category_tab_fill_colour\":\"#DDDDDD\",\"category_tab_active_fill_colour\":\"#777777\",\"category_tab_border_bottom_only\":false,\"category_tab_border_colour\":\"#000000\",\"category_tab_border_active_colour\":\"#000000\",\"category_tab_border_weight\":1,\"category_tab_border_radius\":3,\"category_tab_vert_padding\":7,\"category_tab_hor_padding\":14,\"category_tab_vert_margin\":10,\"category_tab_hor_margin\":10,\"category_tab_default_categories\":[]},\"map_controls\":{\"street_view\":true,\"street_view_position\":\"DEFAULT\",\"map_type\":true,\"map_type_position\":\"DEFAULT\",\"map_type_style\":\"DEFAULT\",\"rotate\":false,\"rotate_position\":\"DEFAULT\",\"full_screen\":false,\"full_screen_position\":\"DEFAULT\",\"zoom\":true,\"zoom_position\":\"DEFAULT\",\"scale\":true,\"show_location\":false},\"map_advanced\":{\"marker_drop_delay\":0,\"marker_animation\":\"DEFAULT\",\"marker_animation_timer\":0,\"tooltips\":true,\"marker_clustering\":false,\"shape_drop_delay\":0,\"map_load_zoom\":12,\"marker_click_zoom\":12},\"map_developers\":{\"javascript_callback\":false,\"callback_method\":\"\",\"map_initialised_method\":\"\",\"map_css_class\":\"\",\"category_selector_css_class\":\"\"},\"map_drawing\":{\"polylineOptions\":{\"strokeColor\":\"#DC4551\",\"strokeOpacity\":1,\"strokeWeight\":2,\"geodesic\":false},\"circleOptions\":{\"fillColor\":\"#000000\",\"fillOpacity\":0.3,\"strokeColor\":\"#DC4551\",\"strokeOpacity\":1,\"strokeWeight\":2},\"polygonOptions\":{\"fillColor\":\"#000000\",\"fillOpacity\":0.3,\"strokeColor\":\"#DC4551\",\"strokeOpacity\":1,\"strokeWeight\":2},\"rectangleOptions\":{\"fillColor\":\"#000000\",\"fillOpacity\":0.3,\"strokeColor\":\"#DC4551\",\"strokeOpacity\":1,\"strokeWeight\":2}},\"map_poly\":{},\"map_marker_categories\":[\"uncategorised\"],\"map_markers\":{\"hmapsprem_grs5bb44696d283b07ba52a8ec90ec82ff1\":{\"marker_id\":63,\"marker_category\":\"uncategorised\",\"latlng\":\"45.14419846223663,14.634698338033946\",\"title\":\"Holiday home Dunati\\u0107\",\"info_window_show\":false,\"info_window_content\":\"\",\"new\":true,\"link_show\":false,\"link_title\":\"\",\"link\":\"\",\"link_colour\":\"#F28149\",\"link_target\":\"_blank\",\"custom_param\":\"\",\"deleted\":false}},\"marker_data\":{\"categories\":{\"1\":{\"category_id\":1,\"category\":\"Default\",\"imported\":\"0\",\"deleted\":\"0\",\"links\":{\"3\":{\"primary_colour\":\"#F28149\",\"secondary_colour\":\"#EF6421\",\"link\":3,\"markers\":[{\"marker_id\":63,\"img_binary\":\"iVBORw0KGgoAAAANSUhEUgAAAC0AAAA4CAYAAABpAXGyAAAABHNCSVQICAgIfAhkiAAAAAlwSFlzAAALEgAACxIB0t1+\\\/AAAABZ0RVh0Q3JlYXRpb24gVGltZQAwOS8xNy8xM6vg00EAAAAcdEVYdFNvZnR3YXJlAEFkb2JlIEZpcmV3b3JrcyBDUzbovLKMAAAD5ElEQVRoge2Zz28bRRTHP2+8jZO44ARBzI9DSw60EopQT1UqboAqTkEFcUcgOMABuFRCqtT+B7mWRIgeeipCHJFyIQfUK\\\/RS4OA24kebIFo7NAGn9Q6HHe+u1zNer+Mfi+SvtJK9783Mx2\\\/fvHmbyO6l1zX\\\/M6lxA\\\/SjCfSoNIEelSbQo9IEelSaQI9KXprD7LurFJ57AQB\\\/u8re5Y+GDpWmrpH2790JgQFUZXHoQL3ICe3fu4Peq4+SpWdZofMMDBbovANDYiP69++i93fHAjJ1+g28k8sANG\\\/foLF51ekbQvu1HfT+3yAS3ND2F5qj56+ha9s071Y52LyKX9tus8t0Ce\\\/EGQrHl1BzFQrHlkKbX98Jxza3bvDop+uB4dFDimffD\\\/0Kx5bSof36n+h\\\/HoAowI+sFnAplpDKIqqyiHdymca3n\\\/Pwxw1kukTx7AcceelV52KqvADlheCHnF7Br+\\\/Q2FinsfGFc4wVWu\\\/+Bf\\\/uISIEiArQ5vK7jUWKJaZXPkE3HjC98ilSLGVaXJUXmHnrMwrPnsgI3dgPIyyY4Eo4bU+TzLx9IdOiSU2deTOTvxfmsImwoNEpER63YtCRBJVrcC9IjUT+ahBRaDo34sH1rzn4\\\/quBQhw59RrFV97p2b8jPeLwnc8gZhjjn3gs6WGJfExTy+eYWj43bK6usqcHEMHnT15nfTbwbaUvX\\\/JAEInHtHt65EFe28HSZrKnR\\\/3DF0GbWq514ur\\\/h86tVbNAC86DxZbSZuMGtTz5RJQ5Uoe7FxQixC8RFX1XQvOPX0Ln5u8\\\/RzYESfrHr4xq\\\/noz+vzbzS6eIPXzL2swjzb2qHXrszMNtN0\\\/aetDUiqjnnjGaffCXZhoS6Mct21MkwYS3W\\\/3797eHgY4go7DxNrSlsUK0zHGt\\\/zQ2JMaELCB7gbjmz7EAWPxt7e36eC9AhtoUz0SjztaMBnFmE37iQPI1d6aeRwlMQtwDDq5cGJyrUA0gu+o5Z0w9va2syRmBQbwxKSHHcYAhWFWjpeEtPbWEmGt+wKGWHq431g60yA6WNzpFPkG99vgdSvCT2cGjkGbBbRCd+S1G8ZdVVz+Judnj6LmK30BG2hbfU5rV2O1Oazxvfkz+xiq\\\/FTfwAY66j3sB0Wr1pIoY65abmtvTYRnZpHHnzwUcItvKLr\\\/3vPD6JrqwKrSpm8Y9DUE2EvA8bm16sXU\\\/wSMWXVgFVidW6vWWjfzDH0F+Hh+\\\/VYNQK9FhjxCXwEuzq\\\/fuu1yyBN0KmxLeYDeJEiDH3odME7oTYLIfpd14Dig+4ZtaZTQWwRp8M1hJxoF9BZBZL8c1ITDhB44bEv\\\/AV8w9CmxhdnJAAAAAElFTkSuQmCC\",\"width\":45,\"height\":56,\"left_offset\":22,\"top_offset\":56,\"deleted\":0}]}}}}}}; jQuery(function(){ hmapsprem_initialise_frontend(\"167a639698aa49fda4cbf850da91f452\"); }); <\/script> <\/div> <\/div><style type=\"text\/css\">.fusion-body .fusion-builder-column-2{width:50% !important;margin-top : 0px;margin-bottom : 20px;}.fusion-builder-column-2 > .fusion-column-wrapper {padding-top : 0px !important;padding-right : 0px !important;margin-right : 3.84%;padding-bottom : 0px !important;padding-left : 0px !important;margin-left : 3.84%;}@media only screen and (max-width:1024px) {.fusion-body .fusion-builder-column-2{width:50% !important;order : 0;}.fusion-builder-column-2 > .fusion-column-wrapper {margin-right : 3.84%;margin-left : 3.84%;}}@media only screen and (max-width:640px) {.fusion-body .fusion-builder-column-2{width:100% !important;order : 0;}.fusion-builder-column-2 > .fusion-column-wrapper {margin-right : 1.92%;margin-left : 1.92%;}}<\/style><\/div><\/div><style type=\"text\/css\">.fusion-body .fusion-flex-container.fusion-builder-row-1{ padding-top : 90px;margin-top : 0px;padding-right : 0px;padding-bottom : 90px;margin-bottom : 0px;padding-left : 0px;}<\/style><\/div>\n","protected":false},"excerpt":{"rendered":"","protected":false},"author":1,"featured_media":0,"parent":0,"menu_order":0,"comment_status":"closed","ping_status":"closed","template":"100-width.php","meta":{"footnotes":""},"class_list":["post-2365","page","type-page","status-publish","hentry"],"yoast_head":"<!-- This site is optimized with the Yoast SEO plugin v17.6 - https:\/\/yoast.com\/wordpress\/plugins\/seo\/ -->\n<title>Posizione - Apartments Crn\u010di\u0107 \u0160ilo<\/title>\n<meta name=\"robots\" content=\"index, follow, max-snippet:-1, max-image-preview:large, max-video-preview:-1\" \/>\n<link rel=\"canonical\" href=\"https:\/\/www.apartments-crncic.com\/it\/posizione\/\" \/>\n<meta property=\"og:locale\" content=\"it_IT\" \/>\n<meta property=\"og:type\" content=\"article\" \/>\n<meta property=\"og:title\" content=\"Posizione - Apartments Crn\u010di\u0107 \u0160ilo\" \/>\n<meta property=\"og:url\" content=\"https:\/\/www.apartments-crncic.com\/it\/posizione\/\" \/>\n<meta property=\"og:site_name\" content=\"Apartments Crn\u010di\u0107 \u0160ilo\" \/>\n<meta property=\"article:modified_time\" content=\"2021-12-02T14:29:33+00:00\" \/>\n<meta name=\"twitter:card\" content=\"summary_large_image\" \/>\n<meta name=\"twitter:label1\" content=\"Tempo di lettura stimato\" \/>\n\t<meta name=\"twitter:data1\" content=\"10 minuti\" \/>\n<script type=\"application\/ld+json\" class=\"yoast-schema-graph\">{\"@context\":\"https:\/\/schema.org\",\"@graph\":[{\"@type\":\"WebSite\",\"@id\":\"http:\/\/www.apartments-crncic.com\/it\/#website\",\"url\":\"http:\/\/www.apartments-crncic.com\/it\/\",\"name\":\"Apartments Crn\\u010di\\u0107 \\u0160ilo\",\"description\":\"Apartments Crn\\u010di\\u0107 \\u0160ilo - Krk Island - Croatia\",\"potentialAction\":[{\"@type\":\"SearchAction\",\"target\":{\"@type\":\"EntryPoint\",\"urlTemplate\":\"http:\/\/www.apartments-crncic.com\/it\/?s={search_term_string}\"},\"query-input\":\"required name=search_term_string\"}],\"inLanguage\":\"it-IT\"},{\"@type\":\"WebPage\",\"@id\":\"https:\/\/www.apartments-crncic.com\/it\/posizione\/#webpage\",\"url\":\"https:\/\/www.apartments-crncic.com\/it\/posizione\/\",\"name\":\"Posizione - Apartments Crn\\u010di\\u0107 \\u0160ilo\",\"isPartOf\":{\"@id\":\"http:\/\/www.apartments-crncic.com\/it\/#website\"},\"datePublished\":\"2021-12-02T14:29:32+00:00\",\"dateModified\":\"2021-12-02T14:29:33+00:00\",\"breadcrumb\":{\"@id\":\"https:\/\/www.apartments-crncic.com\/it\/posizione\/#breadcrumb\"},\"inLanguage\":\"it-IT\",\"potentialAction\":[{\"@type\":\"ReadAction\",\"target\":[\"https:\/\/www.apartments-crncic.com\/it\/posizione\/\"]}]},{\"@type\":\"BreadcrumbList\",\"@id\":\"https:\/\/www.apartments-crncic.com\/it\/posizione\/#breadcrumb\",\"itemListElement\":[{\"@type\":\"ListItem\",\"position\":1,\"name\":\"Home\",\"item\":\"https:\/\/www.apartments-crncic.com\/it\/\"},{\"@type\":\"ListItem\",\"position\":2,\"name\":\"Posizione\"}]}]}<\/script>\n<!-- \/ Yoast SEO plugin. -->","yoast_head_json":{"title":"Posizione - Apartments Crn\u010di\u0107 \u0160ilo","robots":{"index":"index","follow":"follow","max-snippet":"max-snippet:-1","max-image-preview":"max-image-preview:large","max-video-preview":"max-video-preview:-1"},"canonical":"https:\/\/www.apartments-crncic.com\/it\/posizione\/","og_locale":"it_IT","og_type":"article","og_title":"Posizione - Apartments Crn\u010di\u0107 \u0160ilo","og_url":"https:\/\/www.apartments-crncic.com\/it\/posizione\/","og_site_name":"Apartments Crn\u010di\u0107 \u0160ilo","article_modified_time":"2021-12-02T14:29:33+00:00","twitter_card":"summary_large_image","twitter_misc":{"Tempo di lettura stimato":"10 minuti"},"schema":{"@context":"https:\/\/schema.org","@graph":[{"@type":"WebSite","@id":"http:\/\/www.apartments-crncic.com\/it\/#website","url":"http:\/\/www.apartments-crncic.com\/it\/","name":"Apartments Crn\u010di\u0107 \u0160ilo","description":"Apartments Crn\u010di\u0107 \u0160ilo - Krk Island - Croatia","potentialAction":[{"@type":"SearchAction","target":{"@type":"EntryPoint","urlTemplate":"http:\/\/www.apartments-crncic.com\/it\/?s={search_term_string}"},"query-input":"required name=search_term_string"}],"inLanguage":"it-IT"},{"@type":"WebPage","@id":"https:\/\/www.apartments-crncic.com\/it\/posizione\/#webpage","url":"https:\/\/www.apartments-crncic.com\/it\/posizione\/","name":"Posizione - Apartments Crn\u010di\u0107 \u0160ilo","isPartOf":{"@id":"http:\/\/www.apartments-crncic.com\/it\/#website"},"datePublished":"2021-12-02T14:29:32+00:00","dateModified":"2021-12-02T14:29:33+00:00","breadcrumb":{"@id":"https:\/\/www.apartments-crncic.com\/it\/posizione\/#breadcrumb"},"inLanguage":"it-IT","potentialAction":[{"@type":"ReadAction","target":["https:\/\/www.apartments-crncic.com\/it\/posizione\/"]}]},{"@type":"BreadcrumbList","@id":"https:\/\/www.apartments-crncic.com\/it\/posizione\/#breadcrumb","itemListElement":[{"@type":"ListItem","position":1,"name":"Home","item":"https:\/\/www.apartments-crncic.com\/it\/"},{"@type":"ListItem","position":2,"name":"Posizione"}]}]}},"_links":{"self":[{"href":"https:\/\/www.apartments-crncic.com\/it\/wp-json\/wp\/v2\/pages\/2365","targetHints":{"allow":["GET"]}}],"collection":[{"href":"https:\/\/www.apartments-crncic.com\/it\/wp-json\/wp\/v2\/pages"}],"about":[{"href":"https:\/\/www.apartments-crncic.com\/it\/wp-json\/wp\/v2\/types\/page"}],"author":[{"embeddable":true,"href":"https:\/\/www.apartments-crncic.com\/it\/wp-json\/wp\/v2\/users\/1"}],"replies":[{"embeddable":true,"href":"https:\/\/www.apartments-crncic.com\/it\/wp-json\/wp\/v2\/comments?post=2365"}],"version-history":[{"count":3,"href":"https:\/\/www.apartments-crncic.com\/it\/wp-json\/wp\/v2\/pages\/2365\/revisions"}],"predecessor-version":[{"id":2368,"href":"https:\/\/www.apartments-crncic.com\/it\/wp-json\/wp\/v2\/pages\/2365\/revisions\/2368"}],"wp:attachment":[{"href":"https:\/\/www.apartments-crncic.com\/it\/wp-json\/wp\/v2\/media?parent=2365"}],"curies":[{"name":"wp","href":"https:\/\/api.w.org\/{rel}","templated":true}]}}